{"id":796,"date":"2024-04-17T14:20:52","date_gmt":"2024-04-17T12:20:52","guid":{"rendered":"https:\/\/theoneandonly-gila.vonmedia.ch\/?page_id=796"},"modified":"2024-07-05T15:52:49","modified_gmt":"2024-07-05T13:52:49","slug":"impressum","status":"publish","type":"page","link":"https:\/\/gila-mehralscoaching.de\/index.php\/impressum\/","title":{"rendered":"Impressum"},"content":{"rendered":"\t\t<div data-elementor-type=\"wp-page\" data-elementor-id=\"796\" class=\"elementor elementor-796\" data-elementor-post-type=\"page\">\n\t\t\t\t<div class=\"elementor-element elementor-element-9cfa39c e-flex e-con-boxed e-con e-parent\" data-id=\"9cfa39c\" data-element_type=\"container\">\n\t\t\t\t\t<div class=\"e-con-inner\">\n\t\t\t\t<div class=\"elementor-element elementor-element-f1a00d6 elementor-widget elementor-widget-spacer\" data-id=\"f1a00d6\" data-element_type=\"widget\" data-widget_type=\"spacer.default\">\n\t\t\t\t<div class=\"elementor-widget-container\">\n\t\t\t<style>\/*! elementor - v3.23.0 - 05-08-2024 *\/\n.elementor-column .elementor-spacer-inner{height:var(--spacer-size)}.e-con{--container-widget-width:100%}.e-con-inner>.elementor-widget-spacer,.e-con>.elementor-widget-spacer{width:var(--container-widget-width,var(--spacer-size));--align-self:var(--container-widget-align-self,initial);--flex-shrink:0}.e-con-inner>.elementor-widget-spacer>.elementor-widget-container,.e-con>.elementor-widget-spacer>.elementor-widget-container{height:100%;width:100%}.e-con-inner>.elementor-widget-spacer>.elementor-widget-container>.elementor-spacer,.e-con>.elementor-widget-spacer>.elementor-widget-container>.elementor-spacer{height:100%}.e-con-inner>.elementor-widget-spacer>.elementor-widget-container>.elementor-spacer>.elementor-spacer-inner,.e-con>.elementor-widget-spacer>.elementor-widget-container>.elementor-spacer>.elementor-spacer-inner{height:var(--container-widget-height,var(--spacer-size))}.e-con-inner>.elementor-widget-spacer.elementor-widget-empty,.e-con>.elementor-widget-spacer.elementor-widget-empty{position:relative;min-height:22px;min-width:22px}.e-con-inner>.elementor-widget-spacer.elementor-widget-empty .elementor-widget-empty-icon,.e-con>.elementor-widget-spacer.elementor-widget-empty .elementor-widget-empty-icon{position:absolute;top:0;bottom:0;left:0;right:0;margin:auto;padding:0;width:22px;height:22px}<\/style>\t\t<div class=\"elementor-spacer\">\n\t\t\t<div class=\"elementor-spacer-inner\"><\/div>\n\t\t<\/div>\n\t\t\t\t<\/div>\n\t\t\t\t<\/div>\n\t\t\t\t\t<\/div>\n\t\t\t\t<\/div>\n\t\t<div class=\"elementor-element elementor-element-91b7efb e-flex e-con-boxed e-con e-parent\" data-id=\"91b7efb\" data-element_type=\"container\">\n\t\t\t\t\t<div class=\"e-con-inner\">\n\t\t\t\t<div class=\"elementor-element elementor-element-769e015 elementor-widget elementor-widget-heading\" data-id=\"769e015\" data-element_type=\"widget\" data-widget_type=\"heading.default\">\n\t\t\t\t<div class=\"elementor-widget-container\">\n\t\t\t<style>\/*! elementor - v3.23.0 - 05-08-2024 *\/\n.elementor-heading-title{padding:0;margin:0;line-height:1}.elementor-widget-heading .elementor-heading-title[class*=elementor-size-]>a{color:inherit;font-size:inherit;line-height:inherit}.elementor-widget-heading .elementor-heading-title.elementor-size-small{font-size:15px}.elementor-widget-heading .elementor-heading-title.elementor-size-medium{font-size:19px}.elementor-widget-heading .elementor-heading-title.elementor-size-large{font-size:29px}.elementor-widget-heading .elementor-heading-title.elementor-size-xl{font-size:39px}.elementor-widget-heading .elementor-heading-title.elementor-size-xxl{font-size:59px}<\/style><h1 class=\"elementor-heading-title elementor-size-default\">Impressum<\/h1>\t\t<\/div>\n\t\t\t\t<\/div>\n\t\t\t\t<div class=\"elementor-element elementor-element-f999099 elementor-widget elementor-widget-text-editor\" data-id=\"f999099\" data-element_type=\"widget\" data-widget_type=\"text-editor.default\">\n\t\t\t\t<div class=\"elementor-widget-container\">\n\t\t\t<style>\/*! elementor - v3.23.0 - 05-08-2024 *\/\n.elementor-widget-text-editor.elementor-drop-cap-view-stacked .elementor-drop-cap{background-color:#69727d;color:#fff}.elementor-widget-text-editor.elementor-drop-cap-view-framed .elementor-drop-cap{color:#69727d;border:3px solid;background-color:transparent}.elementor-widget-text-editor:not(.elementor-drop-cap-view-default) .elementor-drop-cap{margin-top:8px}.elementor-widget-text-editor:not(.elementor-drop-cap-view-default) .elementor-drop-cap-letter{width:1em;height:1em}.elementor-widget-text-editor .elementor-drop-cap{float:left;text-align:center;line-height:1;font-size:50px}.elementor-widget-text-editor .elementor-drop-cap-letter{display:inline-block}<\/style>\t\t\t\tGem\u00e4\u00df \u00a7 28 BDSG widerspreche ich ausdr\u00fccklich jeder Verwendung und Weitergabe meiner Daten ohne ausdr\u00fccklicher Genehmigung.\t\t\t\t\t\t<\/div>\n\t\t\t\t<\/div>\n\t\t\t\t<div class=\"elementor-element elementor-element-74a4528 elementor-widget elementor-widget-text-editor\" data-id=\"74a4528\" data-element_type=\"widget\" data-widget_type=\"text-editor.default\">\n\t\t\t\t<div class=\"elementor-widget-container\">\n\t\t\t\t\t\t\t<p>VERANTWORTUNGSBEREICH:<br \/>Das Impressum gilt ausschlie\u00dflich f\u00fcr die Internetpr\u00e4senz unter der Adresse:<br \/>www.gila-mehralscoaching.de<\/p>\t\t\t\t\t\t<\/div>\n\t\t\t\t<\/div>\n\t\t\t\t<div class=\"elementor-element elementor-element-bbb4e5f elementor-widget elementor-widget-text-editor\" data-id=\"bbb4e5f\" data-element_type=\"widget\" data-widget_type=\"text-editor.default\">\n\t\t\t\t<div class=\"elementor-widget-container\">\n\t\t\t\t\t\t\t<p>VERANTWORTLICHE ANSPRECHPERSON::<br \/>Gila Zirfas-Krauel<br \/>Hohe Stra\u00dfe 11<br \/>30449 Hannover<br \/>Mobil: 0170-5544604<br \/>E-Mail: kontakt@gila-mehralscoaching.de<\/p><p>USt-IdNr. DE299646630<\/p>\t\t\t\t\t\t<\/div>\n\t\t\t\t<\/div>\n\t\t\t\t<div class=\"elementor-element elementor-element-dadf428 elementor-widget elementor-widget-text-editor\" data-id=\"dadf428\" data-element_type=\"widget\" data-widget_type=\"text-editor.default\">\n\t\t\t\t<div class=\"elementor-widget-container\">\n\t\t\t\t\t\t\t<p>FOTOS:<br \/>Farbfotos und Schwarz Wei\u00df Foto Kontakt: Anja Selzer-Gassmann, Fotografie Braunschweig<\/p>\t\t\t\t\t\t<\/div>\n\t\t\t\t<\/div>\n\t\t\t\t<div class=\"elementor-element elementor-element-6d5e640 elementor-widget elementor-widget-text-editor\" data-id=\"6d5e640\" data-element_type=\"widget\" data-widget_type=\"text-editor.default\">\n\t\t\t\t<div class=\"elementor-widget-container\">\n\t\t\t\t\t\t\t<p>DESIGN UND TECHNISCHE REALISIERUNG:<br \/>vonMedia AG<br \/>www.vonmedia.ch<\/p>\t\t\t\t\t\t<\/div>\n\t\t\t\t<\/div>\n\t\t\t\t<div class=\"elementor-element elementor-element-5301546 elementor-widget elementor-widget-text-editor\" data-id=\"5301546\" data-element_type=\"widget\" data-widget_type=\"text-editor.default\">\n\t\t\t\t<div class=\"elementor-widget-container\">\n\t\t\t\t\t\t\t<p>HAFTUNGSHINWEIS:<br \/>Trotz sorgf\u00e4ltiger inhaltlicher Kontrolle \u00fcbernehme ich keine Haftung f\u00fcr die Inhalte externer Links. F\u00fcr den Inhalt der verlinkten Seiten sind ausschlie\u00dflich deren Betreiber verantwortlich. Dass die Links weder gegen Sitten noch Gesetze versto\u00dfen, wurde genau einmal gepr\u00fcft, bevor sie hier aufgenommen wurden. Ich entferne jedoch sofort rechtswidrige Links, sobald ich dar\u00fcber Kenntnis erlange. Schutzrechtsverletzung: Falls Sie vermuten, dass von dieser Website aus eines Ihrer Schutzrechte verletzt wird, teilen Sie uns dies bitte umgehend per elektronischer Post (E-Mail) mit, damit z\u00fcgig Abhilfe geschafft werden kann.<\/p>\t\t\t\t\t\t<\/div>\n\t\t\t\t<\/div>\n\t\t\t\t<div class=\"elementor-element elementor-element-e1e6792 elementor-widget elementor-widget-text-editor\" data-id=\"e1e6792\" data-element_type=\"widget\" data-widget_type=\"text-editor.default\">\n\t\t\t\t<div class=\"elementor-widget-container\">\n\t\t\t\t\t\t\t<p>BITTE NEHMEN SIE ZUR KENNTNIS:<br \/>Die zeitaufw\u00e4ndigere Einschaltung eines Anwaltes zu der f\u00fcr den Diensteanbieter kostenpflichtigen Abmahnung entspricht nicht dessen wirklichem oder mutma\u00dflichem Willen. Alle Informationen auf dieser Internetpr\u00e4senz wurden mit Sorgfalt erarbeitet. Trotzdem k\u00f6nnen Inhalte fehlerhaft oder unvollst\u00e4ndig sein. Ich \u00fcbernehme keinerlei Haftung f\u00fcr eventuelle Sch\u00e4den oder sonstige Nachteile, die sich durch die Nutzung der hier dargebotenen Informationen ergeben. Sollten Teile dieser Hinweise der geltenden Rechtslage nicht entsprechen, bleiben die \u00fcbrigen Teile davon unber\u00fchrt.<\/p>\t\t\t\t\t\t<\/div>\n\t\t\t\t<\/div>\n\t\t\t\t\t<\/div>\n\t\t\t\t<\/div>\n\t\t<div class=\"elementor-element elementor-element-1d9be73 e-flex e-con-boxed e-con e-parent\" data-id=\"1d9be73\" data-element_type=\"container\">\n\t\t\t\t\t<div class=\"e-con-inner\">\n\t\t\t\t<div class=\"elementor-element elementor-element-642fea5 elementor-widget elementor-widget-spacer\" data-id=\"642fea5\" data-element_type=\"widget\" data-widget_type=\"spacer.default\">\n\t\t\t\t<div class=\"elementor-widget-container\">\n\t\t\t\t\t<div class=\"elementor-spacer\">\n\t\t\t<div class=\"elementor-spacer-inner\"><\/div>\n\t\t<\/div>\n\t\t\t\t<\/div>\n\t\t\t\t<\/div>\n\t\t\t\t\t<\/div>\n\t\t\t\t<\/div>\n\t\t\t\t<\/div>\n\t\t","protected":false},"excerpt":{"rendered":"<p>Impressum Gem\u00e4\u00df \u00a7 28 BDSG widerspreche ich ausdr\u00fccklich jeder Verwendung und Weitergabe meiner Daten ohne ausdr\u00fccklicher Genehmigung. VERANTWORTUNGSBEREICH:Das Impressum gilt ausschlie\u00dflich f\u00fcr die Internetpr\u00e4senz unter der Adresse:www.gila-mehralscoaching.de VERANTWORTLICHE ANSPRECHPERSON::Gila Zirfas-KrauelHohe Stra\u00dfe 1130449 HannoverMobil: 0170-5544604E-Mail: kontakt@gila-mehralscoaching.de USt-IdNr. DE299646630 FOTOS:Farbfotos und Schwarz Wei\u00df Foto Kontakt: Anja Selzer-Gassmann, Fotografie Braunschweig DESIGN UND TECHNISCHE REALISIERUNG:vonMedia AGwww.vonmedia.ch HAFTUNGSHINWEIS:Trotz sorgf\u00e4ltiger inhaltlicher [&hellip;]<\/p>\n","protected":false},"author":1,"featured_media":0,"parent":0,"menu_order":0,"comment_status":"closed","ping_status":"closed","template":"elementor_header_footer","meta":{"footnotes":""},"class_list":["post-796","page","type-page","status-publish","hentry"],"_links":{"self":[{"href":"https:\/\/gila-mehralscoaching.de\/index.php\/wp-json\/wp\/v2\/pages\/796","targetHints":{"allow":["GET"]}}],"collection":[{"href":"https:\/\/gila-mehralscoaching.de\/index.php\/wp-json\/wp\/v2\/pages"}],"about":[{"href":"https:\/\/gila-mehralscoaching.de\/index.php\/wp-json\/wp\/v2\/types\/page"}],"author":[{"embeddable":true,"href":"https:\/\/gila-mehralscoaching.de\/index.php\/wp-json\/wp\/v2\/users\/1"}],"replies":[{"embeddable":true,"href":"https:\/\/gila-mehralscoaching.de\/index.php\/wp-json\/wp\/v2\/comments?post=796"}],"version-history":[{"count":31,"href":"https:\/\/gila-mehralscoaching.de\/index.php\/wp-json\/wp\/v2\/pages\/796\/revisions"}],"predecessor-version":[{"id":1102,"href":"https:\/\/gila-mehralscoaching.de\/index.php\/wp-json\/wp\/v2\/pages\/796\/revisions\/1102"}],"wp:attachment":[{"href":"https:\/\/gila-mehralscoaching.de\/index.php\/wp-json\/wp\/v2\/media?parent=796"}],"curies":[{"name":"wp","href":"https:\/\/api.w.org\/{rel}","templated":true}]}}